{"id":398,"date":"2017-10-10T09:25:33","date_gmt":"2017-10-10T15:25:33","guid":{"rendered":"https:\/\/antitermitas.com\/tratamientos-contra-termitas\/"},"modified":"2020-06-26T08:59:11","modified_gmt":"2020-06-26T06:59:11","slug":"tractaments-contra-les-termites","status":"publish","type":"page","link":"https:\/\/antitermitas.com\/ca\/tractaments-contra-les-termites\/","title":{"rendered":"Tractaments"},"content":{"rendered":"<section class=\"l-section wpb_row height_medium width_full\" id=\"slider-md\"><div class=\"l-section-h i-cf\"><div class=\"g-cols vc_row type_default valign_top\"><div class=\"vc_col-sm-12 wpb_column vc_column_container\"><div class=\"vc_column-inner\"><div class=\"wpb_wrapper\"><div class=\"w-slider style_none\"><div class=\"w-slider-h\"><div class=\"royalSlider\"><div class=\"rsContent\"><a class=\"rsImg\" data-rsw=\"1600\" data-rsh=\"490\" href=\"https:\/\/antitermitas.com\/wp-content\/uploads\/2017\/10\/tratamientos-header_3.jpg\"><\/a><\/div><div class=\"rsContent\"><a class=\"rsImg\" data-rsw=\"1600\" data-rsh=\"490\" href=\"https:\/\/antitermitas.com\/wp-content\/uploads\/2017\/10\/tratamientos-header_2.jpg\"><\/a><\/div><div class=\"rsContent\"><a class=\"rsImg\" data-rsw=\"1600\" data-rsh=\"490\" href=\"https:\/\/antitermitas.com\/wp-content\/uploads\/2017\/10\/tratamientos-header_1-1.jpg\"><\/a><\/div><\/div><img src=\"https:\/\/antitermitas.com\/wp-content\/uploads\/2017\/10\/tratamientos-header_3.jpg\" alt=\"\"><\/div><div class=\"w-slider-json\" onclick='return {&quot;transitionSpeed&quot;:300,&quot;loopRewind&quot;:true,&quot;slidesSpacing&quot;:0,&quot;imageScalePadding&quot;:0,&quot;numImagesToPreload&quot;:2,&quot;arrowsNav&quot;:false,&quot;arrowsNavAutoHide&quot;:false,&quot;transitionType&quot;:&quot;move&quot;,&quot;block&quot;:{&quot;moveEffect&quot;:&quot;none&quot;,&quot;speed&quot;:300},&quot;controlNavigation&quot;:&quot;bullets&quot;,&quot;autoplay&quot;:{&quot;enabled&quot;:true,&quot;pauseOnHover&quot;:true,&quot;delay&quot;:4000},&quot;imageScaleMode&quot;:&quot;fit-if-smaller&quot;,&quot;autoScaleSlider&quot;:true,&quot;autoScaleSliderWidth&quot;:1600,&quot;autoScaleSliderHeight&quot;:490,&quot;fitInViewport&quot;:false}'><\/div><\/div>\n\t<div class=\"wpb_text_column  ttl\">\n\t\t<div class=\"wpb_wrapper\">\n\t\t\t<h1 style=\"text-align: center;\">Quina \u00e9s la millor soluci\u00f3 contra<br \/>\nles termites i els corcs?<\/h1>\n\n\t\t<\/div>\n\t<\/div>\n<\/div><\/div><\/div><\/div><\/div><\/section><section class=\"l-section wpb_row height_medium\" id=\"post-header\"><div class=\"l-section-h i-cf\"><div class=\"g-cols vc_row type_default valign_top\"><div class=\"vc_col-sm-12 wpb_column vc_column_container\"><div class=\"vc_column-inner\"><div class=\"wpb_wrapper\">\n\t<div class=\"wpb_text_column \">\n\t\t<div class=\"wpb_wrapper\">\n\t\t\t<p style=\"text-align: center;\">Existeixen b\u00e0sicament dos m\u00e8todes de tractament, el d\u2019injeccions a la fusta i el d\u2019esquers. \u00c9s fonamental escollir el millor sistema per eliminar la plaga. Els nostres t\u00e8cnics li indicaran quina \u00e9s la m\u00e9s adequada per casa seva.<\/p>\n\n\t\t<\/div>\n\t<\/div>\n<\/div><\/div><\/div><\/div><\/div><\/section><section class=\"l-section wpb_row height_medium video-text\"><div class=\"l-section-h i-cf\"><div class=\"g-cols vc_row type_default valign_top\"><div class=\"vc_col-sm-6 wpb_column vc_column_container\"><div class=\"vc_column-inner\"><div class=\"wpb_wrapper\"><div class=\"w-video ratio_16x9\"><div class=\"w-video-h\"><iframe width=\"420\" height=\"315\" src=\"\/\/www.youtube.com\/embed\/ehmrK8kphIE?rel=0\" allowfullscreen><\/iframe><\/div><\/div><\/div><\/div><\/div><div class=\"vc_col-sm-6 wpb_column vc_column_container\"><div class=\"vc_column-inner\"><div class=\"wpb_wrapper\">\n\t<div class=\"wpb_text_column  intro\">\n\t\t<div class=\"wpb_wrapper\">\n\t\t\t<h2 style=\"text-align: left;\">Sistema de paranys<\/h2>\n\n\t\t<\/div>\n\t<\/div>\n\n\t<div class=\"wpb_text_column  intro\">\n\t\t<div class=\"wpb_wrapper\">\n\t\t\t<ul>\n<li>Sistema exclusiu per termites subterr\u00e0nies<\/li>\n<li>Eliminem el termiter, eliminem la causa.<\/li>\n<li>M\u00e0xima efic\u00e0cia de la nostra t\u00e8cnica gr\u00e0cies a l\u2019alta concentraci\u00f3 de mat\u00e8ria activa.<\/li>\n<li>Ecol\u00f2gic. No afecta al medi ambient<\/li>\n<li>Sense perill per persones, animals i plantes<\/li>\n<li>Sense obres<\/li>\n<\/ul>\n\n\t\t<\/div>\n\t<\/div>\n<\/div><\/div><\/div><\/div><\/div><\/section><section class=\"l-section wpb_row height_medium width_full top-md\"><div class=\"l-section-h i-cf\"><div class=\"g-cols vc_row type_default valign_top\"><div class=\"vc_col-sm-12 wpb_column vc_column_container\"><div class=\"vc_column-inner\"><div class=\"wpb_wrapper\"><div class=\"w-image\"><div class=\"w-image-h\"><a href=\"https:\/\/antitermitas.com\/wp-content\/uploads\/2017\/10\/sistema-de-cebos-header.jpg\" ref=\"magnificPopup\"><img width=\"1581\" height=\"481\" src=\"https:\/\/antitermitas.com\/wp-content\/uploads\/2017\/10\/sistema-de-cebos-header.jpg\" class=\"attachment-full size-full\" alt=\"Sistema de Cebos\" loading=\"lazy\" srcset=\"https:\/\/antitermitas.com\/wp-content\/uploads\/2017\/10\/sistema-de-cebos-header.jpg 1581w, https:\/\/antitermitas.com\/wp-content\/uploads\/2017\/10\/sistema-de-cebos-header-300x91.jpg 300w, https:\/\/antitermitas.com\/wp-content\/uploads\/2017\/10\/sistema-de-cebos-header-768x234.jpg 768w, https:\/\/antitermitas.com\/wp-content\/uploads\/2017\/10\/sistema-de-cebos-header-1024x312.jpg 1024w\" sizes=\"(max-width: 1581px) 100vw, 1581px\" \/><\/a><\/div><\/div><\/div><\/div><\/div><\/div><\/div><\/section><section class=\"l-section wpb_row height_medium width_full img-md\"><div class=\"l-section-h i-cf\"><div class=\"g-cols vc_row type_default valign_top\"><div class=\"vc_col-sm-3 wpb_column vc_column_container\"><div class=\"vc_column-inner\"><div class=\"wpb_wrapper\"><div class=\"w-image\"><div class=\"w-image-h\"><a href=\"https:\/\/antitermitas.com\/wp-content\/uploads\/2017\/10\/sistema-de-cebos-1.jpg\" ref=\"magnificPopup\"><img width=\"503\" height=\"311\" src=\"https:\/\/antitermitas.com\/wp-content\/uploads\/2017\/10\/sistema-de-cebos-1.jpg\" class=\"attachment-full size-full\" alt=\"Sistema de Cebos\" loading=\"lazy\" srcset=\"https:\/\/antitermitas.com\/wp-content\/uploads\/2017\/10\/sistema-de-cebos-1.jpg 503w, https:\/\/antitermitas.com\/wp-content\/uploads\/2017\/10\/sistema-de-cebos-1-300x185.jpg 300w\" sizes=\"(max-width: 503px) 100vw, 503px\" \/><\/a><\/div><\/div><\/div><\/div><\/div><div class=\"vc_col-sm-3 wpb_column vc_column_container\"><div class=\"vc_column-inner\"><div class=\"wpb_wrapper\"><div class=\"w-image\"><div class=\"w-image-h\"><a href=\"https:\/\/antitermitas.com\/wp-content\/uploads\/2017\/10\/sistema-de-cebos-2.jpg\" ref=\"magnificPopup\"><img width=\"503\" height=\"311\" src=\"https:\/\/antitermitas.com\/wp-content\/uploads\/2017\/10\/sistema-de-cebos-2.jpg\" class=\"attachment-full size-full\" alt=\"Sistema de Cebos\" loading=\"lazy\" srcset=\"https:\/\/antitermitas.com\/wp-content\/uploads\/2017\/10\/sistema-de-cebos-2.jpg 503w, https:\/\/antitermitas.com\/wp-content\/uploads\/2017\/10\/sistema-de-cebos-2-300x185.jpg 300w\" sizes=\"(max-width: 503px) 100vw, 503px\" \/><\/a><\/div><\/div><\/div><\/div><\/div><div class=\"vc_col-sm-3 wpb_column vc_column_container\"><div class=\"vc_column-inner\"><div class=\"wpb_wrapper\"><div class=\"w-image\"><div class=\"w-image-h\"><a href=\"https:\/\/antitermitas.com\/wp-content\/uploads\/2017\/10\/sistema-de-cebos-3.jpg\" ref=\"magnificPopup\"><img width=\"503\" height=\"311\" src=\"https:\/\/antitermitas.com\/wp-content\/uploads\/2017\/10\/sistema-de-cebos-3.jpg\" class=\"attachment-full size-full\" alt=\"Sistema de Cebos\" loading=\"lazy\" srcset=\"https:\/\/antitermitas.com\/wp-content\/uploads\/2017\/10\/sistema-de-cebos-3.jpg 503w, https:\/\/antitermitas.com\/wp-content\/uploads\/2017\/10\/sistema-de-cebos-3-300x185.jpg 300w\" sizes=\"(max-width: 503px) 100vw, 503px\" \/><\/a><\/div><\/div><\/div><\/div><\/div><div class=\"vc_col-sm-3 wpb_column vc_column_container\"><div class=\"vc_column-inner\"><div class=\"wpb_wrapper\"><div class=\"w-image\"><div class=\"w-image-h\"><a href=\"https:\/\/antitermitas.com\/wp-content\/uploads\/2017\/10\/sistema-de-cebos-4.jpg\" ref=\"magnificPopup\"><img width=\"503\" height=\"311\" src=\"https:\/\/antitermitas.com\/wp-content\/uploads\/2017\/10\/sistema-de-cebos-4.jpg\" class=\"attachment-full size-full\" alt=\"Sistema de Cebos\" loading=\"lazy\" srcset=\"https:\/\/antitermitas.com\/wp-content\/uploads\/2017\/10\/sistema-de-cebos-4.jpg 503w, https:\/\/antitermitas.com\/wp-content\/uploads\/2017\/10\/sistema-de-cebos-4-300x185.jpg 300w\" sizes=\"(max-width: 503px) 100vw, 503px\" \/><\/a><\/div><\/div><\/div><\/div><\/div><\/div><\/div><\/section><section class=\"l-section wpb_row height_medium descript\"><div class=\"l-section-h i-cf\"><div class=\"g-cols vc_row type_default valign_top\"><div class=\"vc_col-sm-12 wpb_column vc_column_container\"><div class=\"vc_column-inner\"><div class=\"wpb_wrapper\">\n\t<div class=\"wpb_text_column  bfr\">\n\t\t<div class=\"wpb_wrapper\">\n\t\t\t<p style=\"text-align: left;\">El sistema <strong>SENTRITECH<\/strong> per esquers \u00e9s un sistema molt efica\u00e7 de lluita contra les termites subterr\u00e0nies basat en una\u00a0 nova generaci\u00f3 de mol\u00e8cules que impedeix que la termita realitzi el proc\u00e9s de muda.<\/p>\n<p style=\"text-align: left;\">Consisteix en la instal\u00b7laci\u00f3 per part dels nostres t\u00e8cnics d\u2019uns esquers que les termites obreres consumeixen i transporten per alimentar el termiter.<\/p>\n<p style=\"text-align: left;\">Un cop el termiter ha ingerit suficient quantitat de material, totes les termites queden definitivament eliminades. Les termites no poden mudar i moren.<\/p>\n<p style=\"text-align: left;\">L\u2019alta concentraci\u00f3 de mat\u00e8ria activa dels nostres esquers ens permet gaudir de la major efic\u00e0cia del mercat, al mateix temps que ens permet minimitzar el nombre de visites a casa seva. M\u00e0xima efic\u00e0cia amb el m\u00ednim de mol\u00e8sties pel client.<\/p>\n\n\t\t<\/div>\n\t<\/div>\n\n\t<div class=\"wpb_text_column \">\n\t\t<div class=\"wpb_wrapper\">\n\t\t\t<p><a class=\"pregu\" href=\"https:\/\/antitermitas.com\/ca\/tractaments-contra-les-termites\/faq-sistema-desquers\/\">PREGUNTES<br \/>\nFREQ\u00dcENTS<\/a><\/p>\n\n\t\t<\/div>\n\t<\/div>\n<\/div><\/div><\/div><\/div><\/div><\/section><section class=\"l-section wpb_row height_medium video-text bg\"><div class=\"l-section-h i-cf\"><div class=\"g-cols vc_row type_default valign_top\"><div class=\"vc_col-sm-6 wpb_column vc_column_container\"><div class=\"vc_column-inner\"><div class=\"wpb_wrapper\"><div class=\"w-video ratio_16x9\"><div class=\"w-video-h\"><iframe width=\"420\" height=\"315\" src=\"\/\/www.youtube.com\/embed\/kyxCHZV2f2g?rel=0\" allowfullscreen><\/iframe><\/div><\/div><\/div><\/div><\/div><div class=\"vc_col-sm-6 wpb_column vc_column_container\"><div class=\"vc_column-inner\"><div class=\"wpb_wrapper\">\n\t<div class=\"wpb_text_column  intro\">\n\t\t<div class=\"wpb_wrapper\">\n\t\t\t<h2 style=\"text-align: left;\">Sistema d\u2019injeccions<\/h2>\n\n\t\t<\/div>\n\t<\/div>\n\n\t<div class=\"wpb_text_column  intro\">\n\t\t<div class=\"wpb_wrapper\">\n\t\t\t<ul>\n<li>Aplicable tant contra termita com corcs.<\/li>\n<li>Eliminem immediatament els elements pat\u00f2gens de la fusta.<\/li>\n<li>Ideal per edificis en reforma.<\/li>\n<li>Ens permet saber l\u2019estat de les bigues.<\/li>\n<li>No emet vapor nocius (LIGNUM GEL)<\/li>\n<li>No requereix de terminis de seguretat (LIGNUM GEL)<\/li>\n<li>Molt efica\u00e7 per fusta decapada amb capacitat d\u2019absorci\u00f3 (LIGNUM GEL)<\/li>\n<li>Ideal per edificis en \u00fas (LIGNUM GEL)<\/li>\n<\/ul>\n\n\t\t<\/div>\n\t<\/div>\n<\/div><\/div><\/div><\/div><\/div><\/section><section class=\"l-section wpb_row height_medium width_full top-md\"><div class=\"l-section-h i-cf\"><div class=\"g-cols vc_row type_default valign_top\"><div class=\"vc_col-sm-12 wpb_column vc_column_container\"><div class=\"vc_column-inner\"><div class=\"wpb_wrapper\"><div class=\"w-image\"><div class=\"w-image-h\"><a href=\"https:\/\/antitermitas.com\/wp-content\/uploads\/2017\/10\/sistema-de-inyeccion-top.jpg\" ref=\"magnificPopup\"><img width=\"1600\" height=\"484\" src=\"https:\/\/antitermitas.com\/wp-content\/uploads\/2017\/10\/sistema-de-inyeccion-top.jpg\" class=\"attachment-full size-full\" alt=\"Sistema de Inyecci\u00f3n\" loading=\"lazy\" srcset=\"https:\/\/antitermitas.com\/wp-content\/uploads\/2017\/10\/sistema-de-inyeccion-top.jpg 1600w, https:\/\/antitermitas.com\/wp-content\/uploads\/2017\/10\/sistema-de-inyeccion-top-300x91.jpg 300w, https:\/\/antitermitas.com\/wp-content\/uploads\/2017\/10\/sistema-de-inyeccion-top-768x232.jpg 768w, https:\/\/antitermitas.com\/wp-content\/uploads\/2017\/10\/sistema-de-inyeccion-top-1024x310.jpg 1024w\" sizes=\"(max-width: 1600px) 100vw, 1600px\" \/><\/a><\/div><\/div><\/div><\/div><\/div><\/div><\/div><\/section><section class=\"l-section wpb_row height_medium width_full img-md\"><div class=\"l-section-h i-cf\"><div class=\"g-cols vc_row type_default valign_top\"><div class=\"vc_col-sm-3 wpb_column vc_column_container\"><div class=\"vc_column-inner\"><div class=\"wpb_wrapper\"><div class=\"w-image\"><div class=\"w-image-h\"><a href=\"https:\/\/antitermitas.com\/wp-content\/uploads\/2017\/10\/sistema-de-inyeccion_der.jpg\" ref=\"magnificPopup\"><img width=\"503\" height=\"311\" src=\"https:\/\/antitermitas.com\/wp-content\/uploads\/2017\/10\/sistema-de-inyeccion_der.jpg\" class=\"attachment-full size-full\" alt=\"Sistema de Inyecci\u00f3n\" loading=\"lazy\" srcset=\"https:\/\/antitermitas.com\/wp-content\/uploads\/2017\/10\/sistema-de-inyeccion_der.jpg 503w, https:\/\/antitermitas.com\/wp-content\/uploads\/2017\/10\/sistema-de-inyeccion_der-300x185.jpg 300w\" sizes=\"(max-width: 503px) 100vw, 503px\" \/><\/a><\/div><\/div><\/div><\/div><\/div><div class=\"vc_col-sm-3 wpb_column vc_column_container\"><div class=\"vc_column-inner\"><div class=\"wpb_wrapper\"><div class=\"w-image\"><div class=\"w-image-h\"><a href=\"https:\/\/antitermitas.com\/wp-content\/uploads\/2017\/10\/sistema-de-inyeccion_der2.jpg\" ref=\"magnificPopup\"><img width=\"503\" height=\"311\" src=\"https:\/\/antitermitas.com\/wp-content\/uploads\/2017\/10\/sistema-de-inyeccion_der2.jpg\" class=\"attachment-full size-full\" alt=\"Sistema de Inyecci\u00f3n\" loading=\"lazy\" srcset=\"https:\/\/antitermitas.com\/wp-content\/uploads\/2017\/10\/sistema-de-inyeccion_der2.jpg 503w, https:\/\/antitermitas.com\/wp-content\/uploads\/2017\/10\/sistema-de-inyeccion_der2-300x185.jpg 300w\" sizes=\"(max-width: 503px) 100vw, 503px\" \/><\/a><\/div><\/div><\/div><\/div><\/div><div class=\"vc_col-sm-3 wpb_column vc_column_container\"><div class=\"vc_column-inner\"><div class=\"wpb_wrapper\"><div class=\"w-image\"><div class=\"w-image-h\"><a href=\"https:\/\/antitermitas.com\/wp-content\/uploads\/2017\/10\/sistema-de-inyeccion_der3.jpg\" ref=\"magnificPopup\"><img width=\"503\" height=\"311\" src=\"https:\/\/antitermitas.com\/wp-content\/uploads\/2017\/10\/sistema-de-inyeccion_der3.jpg\" class=\"attachment-full size-full\" alt=\"Sistema de Inyecci\u00f3n\" loading=\"lazy\" srcset=\"https:\/\/antitermitas.com\/wp-content\/uploads\/2017\/10\/sistema-de-inyeccion_der3.jpg 503w, https:\/\/antitermitas.com\/wp-content\/uploads\/2017\/10\/sistema-de-inyeccion_der3-300x185.jpg 300w\" sizes=\"(max-width: 503px) 100vw, 503px\" \/><\/a><\/div><\/div><\/div><\/div><\/div><div class=\"vc_col-sm-3 wpb_column vc_column_container\"><div class=\"vc_column-inner\"><div class=\"wpb_wrapper\"><div class=\"w-image\"><div class=\"w-image-h\"><a href=\"https:\/\/antitermitas.com\/wp-content\/uploads\/2017\/10\/sistema-de-inyeccion_der4.jpg\" ref=\"magnificPopup\"><img width=\"503\" height=\"311\" src=\"https:\/\/antitermitas.com\/wp-content\/uploads\/2017\/10\/sistema-de-inyeccion_der4.jpg\" class=\"attachment-full size-full\" alt=\"Sistema de Inyecci\u00f3n\" loading=\"lazy\" srcset=\"https:\/\/antitermitas.com\/wp-content\/uploads\/2017\/10\/sistema-de-inyeccion_der4.jpg 503w, https:\/\/antitermitas.com\/wp-content\/uploads\/2017\/10\/sistema-de-inyeccion_der4-300x185.jpg 300w\" sizes=\"(max-width: 503px) 100vw, 503px\" \/><\/a><\/div><\/div><\/div><\/div><\/div><\/div><\/div><\/section><section class=\"l-section wpb_row height_medium descript\"><div class=\"l-section-h i-cf\"><div class=\"g-cols vc_row type_default valign_top\"><div class=\"vc_col-sm-12 wpb_column vc_column_container\"><div class=\"vc_column-inner\"><div class=\"wpb_wrapper\">\n\t<div class=\"wpb_text_column  bfr\">\n\t\t<div class=\"wpb_wrapper\">\n\t\t\t<p style=\"text-align: left;\">El sistema <strong>LIGNUM<\/strong> consisteix en la injecci\u00f3 i polvoritzar d\u2019un l\u00edquid anti-term\u00edtic i anti-corc a la fusta.<\/p>\n<p>Depenent d\u2019una s\u00e8rie de par\u00e0metres podem decidir tractar les bigues de fusta de forma preventiva (fusta sana que volem protegir) o curatiu (fusta afectada per atacs de termita i\/o corc)<\/p>\n<p>A Rehabilit tamb\u00e9 disposem del sistema LIGNUM GEL que es una evoluci\u00f3 del sistema LIGNUM tradicional en l\u00edquid. Amb el sistema LIGNUM GEL injectem i projectem un gel tixotr\u00f2pic que es diposita damunt la fusta a tractar. Aquest gel penetra lentament a la fusta eliminant la termita i el corc. La quantitat de mat\u00e8ria activa que penetra a la fusta \u00e9s molt superior a qualsevol altre tractament existent. Podem garantir la m\u00e0xima efic\u00e0cia.<\/p>\n\n\t\t<\/div>\n\t<\/div>\n\n\t<div class=\"wpb_text_column \">\n\t\t<div class=\"wpb_wrapper\">\n\t\t\t<p><a class=\"pregu\" href=\"https:\/\/antitermitas.com\/ca\/tractaments-contra-les-termites\/faq-sistema-dinjeccions\/\">PREGUNTES<br \/>\nFREQ\u00dcENTS<\/a><\/p>\n\n\t\t<\/div>\n\t<\/div>\n<\/div><\/div><\/div><\/div><\/div><\/section><section class=\"l-section wpb_row height_medium with_img parallax_ver\" id=\"prllx-md\"><div class=\"l-section-img\" style=\"background-image: url(https:\/\/antitermitas.com\/wp-content\/uploads\/2017\/07\/parallax-imagen.jpg);\" data-img-width=\"1600\" data-img-height=\"1232\"><\/div><div class=\"l-section-h i-cf\"><div class=\"g-cols vc_row type_default valign_top\"><div class=\"vc_col-sm-12 wpb_column vc_column_container\"><div class=\"vc_column-inner\"><div class=\"wpb_wrapper\"><div class=\"g-cols wpb_row type_default valign_top vc_inner \"><div class=\"vc_col-sm-4 wpb_column vc_column_container\"><div class=\"vc_column-inner\"><div class=\"wpb_wrapper\"><div class=\"w-image\"><div class=\"w-image-h\"><img width=\"242\" height=\"418\" src=\"https:\/\/antitermitas.com\/wp-content\/uploads\/2017\/07\/parallax-person.png\" class=\"attachment-full size-full\" alt=\"\" loading=\"lazy\" srcset=\"https:\/\/antitermitas.com\/wp-content\/uploads\/2017\/07\/parallax-person.png 242w, https:\/\/antitermitas.com\/wp-content\/uploads\/2017\/07\/parallax-person-174x300.png 174w\" sizes=\"(max-width: 242px) 100vw, 242px\" \/><\/div><\/div><\/div><\/div><\/div><div class=\"vc_col-sm-8 wpb_column vc_column_container\"><div class=\"vc_column-inner\"><div class=\"wpb_wrapper\">\n\t<div class=\"wpb_text_column \">\n\t\t<div class=\"wpb_wrapper\">\n\t\t\t<h3 style=\"text-align: left;\"><strong>DIAGN\u00d2STIC GRATU\u00cfT<\/strong><\/h3>\n\n\t\t<\/div>\n\t<\/div>\n\n\t<div class=\"wpb_text_column \">\n\t\t<div class=\"wpb_wrapper\">\n\t\t\t<h4 style=\"text-align: left;\">I PRESSUPOST SENSE COMPROM\u00cdS<br \/>\n<strong>Truqui\u2019ns al 93 456 14 53<\/strong><\/h4>\n\n\t\t<\/div>\n\t<\/div>\n<div class=\"w-btn-wrapper align_left\"><a class=\"w-btn style_flat color_custom icon_none\" href=\"https:\/\/antitermitas.com\/ca\/contacte\/\" style=\"background-color: #2abfdb;color: #ffffff;font-size:28px;\"><span class=\"w-btn-label\">Contacti\u2019ns ara<\/span><\/a><\/div><\/div><\/div><\/div><\/div><\/div><\/div><\/div><\/div><\/div><\/section><section class=\"l-section wpb_row height_medium\" id=\"blog-md\"><div class=\"l-section-h i-cf\"><div class=\"g-cols vc_row type_default valign_top\"><div class=\"vc_col-sm-12 wpb_column vc_column_container\"><div class=\"vc_column-inner\"><div class=\"wpb_wrapper\">\n\t<div class=\"wpb_text_column  subttl\">\n\t\t<div class=\"wpb_wrapper\">\n\t\t\t<h3 style=\"text-align: center;\">EL <strong>BLOG<\/strong> ANTITERMITAS<\/h3>\n\n\t\t<\/div>\n\t<\/div>\n\n\t<div class=\"wpb_text_column \">\n\t\t<div class=\"wpb_wrapper\">\n\t\t\t\n\n\t\t<\/div>\n\t<\/div>\n<\/div><\/div><\/div><\/div><\/div><\/section>\n<!-- AddThis Advanced Settings generic via filter on the_content --><!-- AddThis Share Buttons generic via filter on the_content -->","protected":false},"excerpt":{"rendered":"<p><!-- AddThis Advanced Settings generic via filter on get_the_excerpt --><!-- AddThis Share Buttons generic via filter on get_the_excerpt --><\/p>\n","protected":false},"author":4,"featured_media":0,"parent":0,"menu_order":0,"comment_status":"closed","ping_status":"closed","template":"","meta":[],"yoast_head":"<!-- This site is optimized with the Yoast SEO plugin v15.2 - https:\/\/yoast.com\/wordpress\/plugins\/seo\/ -->\n<meta name=\"description\" content=\"Ofrecemos los tratamientos m\u00e1s eficaces contra las termitas y la carcoma: sistema de cebos y sistema de inyecci\u00f3n en la madera | T 93 456 14 53\" \/>\n<meta name=\"robots\" content=\"index, follow, max-snippet:-1, max-image-preview:large, max-video-preview:-1\" \/>\n<link rel=\"canonical\" href=\"https:\/\/antitermitas.com\/ca\/tractaments-contra-les-termites\/\" \/>\n<meta property=\"og:locale\" content=\"ca_ES\" \/>\n<meta property=\"og:type\" content=\"article\" \/>\n<meta property=\"og:title\" content=\"Termitas y carcoma: tratamientos mediante cebo e inyecci\u00f3n\" \/>\n<meta property=\"og:description\" content=\"Ofrecemos los tratamientos m\u00e1s eficaces contra las termitas y la carcoma: sistema de cebos y sistema de inyecci\u00f3n en la madera | T 93 456 14 53\" \/>\n<meta property=\"og:url\" content=\"https:\/\/antitermitas.com\/ca\/tractaments-contra-les-termites\/\" \/>\n<meta property=\"og:site_name\" content=\"Antitermitas - Tratamientos contra termita y carcoma\" \/>\n<meta property=\"article:publisher\" content=\"https:\/\/www.facebook.com\/Humicontrol-Especialista-en-tratamiento-de-humedades-225016780862310\/\" \/>\n<meta property=\"article:modified_time\" content=\"2020-06-26T06:59:11+00:00\" \/>\n<meta name=\"twitter:card\" content=\"summary_large_image\" \/>\n<meta name=\"twitter:creator\" content=\"@humicontrol\" \/>\n<meta name=\"twitter:site\" content=\"@humicontrol\" \/>\n<meta name=\"twitter:label1\" value=\"Escrit per\">\n\t<meta name=\"twitter:data1\" value=\"Rehabilit\">\n\t<meta name=\"twitter:label2\" value=\"Temps estimat de lectura\">\n\t<meta name=\"twitter:data2\" value=\"4 minuts\">\n<script type=\"application\/ld+json\" class=\"yoast-schema-graph\">{\"@context\":\"https:\/\/schema.org\",\"@graph\":[{\"@type\":\"Organization\",\"@id\":\"http:\/\/antitermitas.com\/#organization\",\"name\":\"Rehabilit\",\"url\":\"http:\/\/antitermitas.com\/\",\"sameAs\":[\"https:\/\/www.facebook.com\/Humicontrol-Especialista-en-tratamiento-de-humedades-225016780862310\/\",\"https:\/\/www.linkedin.com\/company\/11120789\/\",\"https:\/\/twitter.com\/humicontrol\"],\"logo\":{\"@type\":\"ImageObject\",\"@id\":\"http:\/\/antitermitas.com\/#logo\",\"inLanguage\":\"ca\",\"url\":\"https:\/\/antitermitas.com\/wp-content\/uploads\/2017\/07\/logo-rehabilit-es.jpg\",\"width\":185,\"height\":58,\"caption\":\"Rehabilit\"},\"image\":{\"@id\":\"http:\/\/antitermitas.com\/#logo\"}},{\"@type\":\"WebSite\",\"@id\":\"http:\/\/antitermitas.com\/#website\",\"url\":\"http:\/\/antitermitas.com\/\",\"name\":\"Antitermitas - Tratamientos contra termita y carcoma\",\"description\":\"Especialistas en tratamientos contra la termita y la carcoma en Barcelona.\",\"publisher\":{\"@id\":\"http:\/\/antitermitas.com\/#organization\"},\"potentialAction\":[{\"@type\":\"SearchAction\",\"target\":\"http:\/\/antitermitas.com\/?s={search_term_string}\",\"query-input\":\"required name=search_term_string\"}],\"inLanguage\":\"ca\"},{\"@type\":\"WebPage\",\"@id\":\"https:\/\/antitermitas.com\/ca\/tractaments-contra-les-termites\/#webpage\",\"url\":\"https:\/\/antitermitas.com\/ca\/tractaments-contra-les-termites\/\",\"name\":\"Termitas y carcoma: tratamientos mediante cebo e inyecci\\u00f3n\",\"isPartOf\":{\"@id\":\"http:\/\/antitermitas.com\/#website\"},\"datePublished\":\"2017-10-10T15:25:33+00:00\",\"dateModified\":\"2020-06-26T06:59:11+00:00\",\"description\":\"Ofrecemos los tratamientos m\\u00e1s eficaces contra las termitas y la carcoma: sistema de cebos y sistema de inyecci\\u00f3n en la madera | T 93 456 14 53\",\"inLanguage\":\"ca\",\"potentialAction\":[{\"@type\":\"ReadAction\",\"target\":[\"https:\/\/antitermitas.com\/ca\/tractaments-contra-les-termites\/\"]}]}]}<\/script>\n<!-- \/ Yoast SEO plugin. -->","_links":{"self":[{"href":"https:\/\/antitermitas.com\/ca\/wp-json\/wp\/v2\/pages\/398"}],"collection":[{"href":"https:\/\/antitermitas.com\/ca\/wp-json\/wp\/v2\/pages"}],"about":[{"href":"https:\/\/antitermitas.com\/ca\/wp-json\/wp\/v2\/types\/page"}],"author":[{"embeddable":true,"href":"https:\/\/antitermitas.com\/ca\/wp-json\/wp\/v2\/users\/4"}],"replies":[{"embeddable":true,"href":"https:\/\/antitermitas.com\/ca\/wp-json\/wp\/v2\/comments?post=398"}],"version-history":[{"count":0,"href":"https:\/\/antitermitas.com\/ca\/wp-json\/wp\/v2\/pages\/398\/revisions"}],"wp:attachment":[{"href":"https:\/\/antitermitas.com\/ca\/wp-json\/wp\/v2\/media?parent=398"}],"curies":[{"name":"wp","href":"https:\/\/api.w.org\/{rel}","templated":true}]}}