{"id":424,"date":"2017-11-03T18:01:57","date_gmt":"2017-11-03T17:01:57","guid":{"rendered":"https:\/\/antitermitas.com\/tratamientos-contra-termitas\/faq-sistema-de-inyeccion\/"},"modified":"2020-06-25T18:37:14","modified_gmt":"2020-06-25T16:37:14","slug":"faq-sistema-dinjeccions","status":"publish","type":"page","link":"https:\/\/antitermitas.com\/ca\/tractaments-contra-les-termites\/faq-sistema-dinjeccions\/","title":{"rendered":"FAQ Sistema d\u2019injeccions"},"content":{"rendered":"<section class=\"l-section wpb_row height_medium width_full\" id=\"slider-md\"><div class=\"l-section-h i-cf\"><div class=\"g-cols vc_row type_default valign_top\"><div class=\"vc_col-sm-12 wpb_column vc_column_container\"><div class=\"vc_column-inner\"><div class=\"wpb_wrapper\"><div class=\"w-slider style_none\"><div class=\"w-slider-h\"><div class=\"royalSlider\"><div class=\"rsContent\"><a class=\"rsImg\" data-rsw=\"1600\" data-rsh=\"490\" href=\"https:\/\/antitermitas.com\/wp-content\/uploads\/2017\/11\/sistema-header-1.jpg\"><\/a><\/div><div class=\"rsContent\"><a class=\"rsImg\" data-rsw=\"1600\" data-rsh=\"469\" href=\"https:\/\/antitermitas.com\/wp-content\/uploads\/2017\/10\/area-personal-header.jpg\"><\/a><\/div><\/div><img src=\"https:\/\/antitermitas.com\/wp-content\/uploads\/2017\/11\/sistema-header-1.jpg\" alt=\"\"><\/div><div class=\"w-slider-json\" onclick='return {&quot;transitionSpeed&quot;:300,&quot;loopRewind&quot;:true,&quot;slidesSpacing&quot;:0,&quot;imageScalePadding&quot;:0,&quot;numImagesToPreload&quot;:2,&quot;arrowsNav&quot;:false,&quot;arrowsNavAutoHide&quot;:false,&quot;transitionType&quot;:&quot;move&quot;,&quot;block&quot;:{&quot;moveEffect&quot;:&quot;none&quot;,&quot;speed&quot;:300},&quot;controlNavigation&quot;:&quot;bullets&quot;,&quot;autoplay&quot;:{&quot;enabled&quot;:true,&quot;pauseOnHover&quot;:true,&quot;delay&quot;:4000},&quot;imageScaleMode&quot;:&quot;fit-if-smaller&quot;,&quot;autoScaleSlider&quot;:true,&quot;autoScaleSliderWidth&quot;:1600,&quot;autoScaleSliderHeight&quot;:490,&quot;fitInViewport&quot;:false}'><\/div><\/div>\n\t<div class=\"wpb_text_column  ttl one\">\n\t\t<div class=\"wpb_wrapper\">\n\t\t\t<h1 style=\"text-align: center;\">Sistema d\u2019injeccions<\/h1>\n\n\t\t<\/div>\n\t<\/div>\n<\/div><\/div><\/div><\/div><\/div><\/section><section class=\"l-section wpb_row height_medium\"><div class=\"l-section-h i-cf\"><div class=\"g-cols vc_row type_default valign_top\"><div class=\"vc_col-sm-12 wpb_column vc_column_container\"><div class=\"vc_column-inner\"><div class=\"wpb_wrapper\">\n\t<div class=\"wpb_text_column  txt\">\n\t\t<div class=\"wpb_wrapper\">\n\t\t\t<p style=\"text-align: left;\"><strong>Quan \u00e9s millor treballar amb el sistema d\u2019injeccions que amb el sistema d\u2019esquers?<\/strong><br \/>\nEl sistema d\u2019esquers \u00e9s espec\u00edfic per al tractament de la termita subterr\u00e0nia. Si tenim un atac de termita a\u00e8ria, corc gran o corc petit s\u2019ha d\u2019actuar mitjan\u00e7ant el sistema d\u2019injeccions.<br \/>\nSi l\u2019atac \u00e9s exclusivament de termita subterr\u00e0nia, el t\u00e8cnic de Rehabilit li recomanar\u00e0 el sistema m\u00e9s adequat per al seu cas.<\/p>\n<p style=\"text-align: left;\">Tamb\u00e9 \u00e9s \u00fatil tractar les bigues de fusta estructural durant una rehabilitaci\u00f3 d\u2019edifici on es tenen les bigues a la vista. Els nostres t\u00e8cnics us assessoraran sobre el sistema que millor s\u2019adapti a casa cas.<\/p>\n\n\t\t<\/div>\n\t<\/div>\n\n\t<div class=\"wpb_text_column  txt\">\n\t\t<div class=\"wpb_wrapper\">\n\t\t\t<p style=\"text-align: left;\"><strong>Perqu\u00e8 \u00e9s millor el sistema LIGNUM GEL que el LIGNUM tradicional en l\u00edquid?<br \/>\n<\/strong>Amb el sistema LIGNUM GEL no emet vapors nocius, per aquest motiu no requereix de termini de seguretat ni l\u2019evacuaci\u00f3 de tota la zona de tractament. Tamb\u00e9 \u00e9s de gran rellev\u00e0ncia en obres on hi ha diferents industrials i s\u2019han de coordinar entre ells, ja que permet realitzar els tractaments sense haver de desallotjar els altres operaris de l\u2019obra durant dies.<\/p>\n<p style=\"text-align: left;\">\u00c9s molt m\u00e9s segur i implica molt menys risc.<br \/>\nAmb el sistema LIGNUM GEL, al tractar-se d\u2019un gel tixotr\u00f2pic, tamb\u00e9 aconseguim aplicar molt m\u00e9s producte sobre la fusta millorant l\u2019efic\u00e0cia del tractament.<\/p>\n\n\t\t<\/div>\n\t<\/div>\n\n\t<div class=\"wpb_text_column  txt\">\n\t\t<div class=\"wpb_wrapper\">\n\t\t\t<p style=\"text-align: left;\"><strong>Amb el tractament de les bigues podem saber el seu estat?<br \/>\n<\/strong>El tractament curatiu de les bigues implica la perforaci\u00f3 de totes elles per realitzar les injeccions. A Rehabilit informem de l\u2019estat en que es troben les bigues perqu\u00e8 els arquitectes puguin dissenyar el refor\u00e7 de les que es trobin en mal estat.<\/p>\n\n\t\t<\/div>\n\t<\/div>\n<\/div><\/div><\/div><\/div><\/div><\/section><section class=\"l-section wpb_row height_medium with_img parallax_ver\" id=\"prllx-md\"><div class=\"l-section-img\" style=\"background-image: url(https:\/\/antitermitas.com\/wp-content\/uploads\/2017\/07\/parallax-imagen.jpg);\" data-img-width=\"1600\" data-img-height=\"1232\"><\/div><div class=\"l-section-h i-cf\"><div class=\"g-cols vc_row type_default valign_top\"><div class=\"vc_col-sm-12 wpb_column vc_column_container\"><div class=\"vc_column-inner\"><div class=\"wpb_wrapper\"><div class=\"g-cols wpb_row type_default valign_top vc_inner \"><div class=\"vc_col-sm-4 wpb_column vc_column_container\"><div class=\"vc_column-inner\"><div class=\"wpb_wrapper\"><div class=\"w-image\"><div class=\"w-image-h\"><img width=\"242\" height=\"418\" src=\"https:\/\/antitermitas.com\/wp-content\/uploads\/2017\/07\/parallax-person.png\" class=\"attachment-full size-full\" alt=\"\" loading=\"lazy\" srcset=\"https:\/\/antitermitas.com\/wp-content\/uploads\/2017\/07\/parallax-person.png 242w, https:\/\/antitermitas.com\/wp-content\/uploads\/2017\/07\/parallax-person-174x300.png 174w\" sizes=\"(max-width: 242px) 100vw, 242px\" \/><\/div><\/div><\/div><\/div><\/div><div class=\"vc_col-sm-8 wpb_column vc_column_container\"><div class=\"vc_column-inner\"><div class=\"wpb_wrapper\">\n\t<div class=\"wpb_text_column \">\n\t\t<div class=\"wpb_wrapper\">\n\t\t\t<h3 style=\"text-align: left;\"><strong>DIAGN\u00d2STIC GRATU\u00cfT<\/strong><\/h3>\n\n\t\t<\/div>\n\t<\/div>\n\n\t<div class=\"wpb_text_column \">\n\t\t<div class=\"wpb_wrapper\">\n\t\t\t<h4 style=\"text-align: left;\">I PRESSUPOST SENSE COMPROM\u00cdS<br \/>\n<strong>Truqui\u2019ns al 93 456 14 53<\/strong><\/h4>\n\n\t\t<\/div>\n\t<\/div>\n<div class=\"w-btn-wrapper align_left\"><a class=\"w-btn style_flat color_custom icon_none\" href=\"\/contacto\/\" style=\"background-color: #2abfdb;color: #ffffff;font-size:28px;\"><span class=\"w-btn-label\">Contacti\u2019ns ara<\/span><\/a><\/div><\/div><\/div><\/div><\/div><\/div><\/div><\/div><\/div><\/div><\/section><section class=\"l-section wpb_row height_medium\" id=\"blog-md\"><div class=\"l-section-h i-cf\"><div class=\"g-cols vc_row type_default valign_top\"><div class=\"vc_col-sm-12 wpb_column vc_column_container\"><div class=\"vc_column-inner\"><div class=\"wpb_wrapper\">\n\t<div class=\"wpb_text_column  subttl\">\n\t\t<div class=\"wpb_wrapper\">\n\t\t\t<h3 style=\"text-align: center;\">EL <strong>BLOG<\/strong> ANTITERMITAS<\/h3>\n\n\t\t<\/div>\n\t<\/div>\n\n\t<div class=\"wpb_text_column \">\n\t\t<div class=\"wpb_wrapper\">\n\t\t\t\n\n\t\t<\/div>\n\t<\/div>\n<\/div><\/div><\/div><\/div><\/div><\/section>\n<!-- AddThis Advanced Settings generic via filter on the_content --><!-- AddThis Share Buttons generic via filter on the_content -->","protected":false},"excerpt":{"rendered":"<p><!-- AddThis Advanced Settings generic via filter on get_the_excerpt --><!-- AddThis Share Buttons generic via filter on get_the_excerpt --><\/p>\n","protected":false},"author":4,"featured_media":0,"parent":398,"menu_order":0,"comment_status":"closed","ping_status":"closed","template":"","meta":[],"yoast_head":"<!-- This site is optimized with the Yoast SEO plugin v15.2 - https:\/\/yoast.com\/wordpress\/plugins\/seo\/ -->\n<meta name=\"description\" content=\"Preguntas frecuentes sobre el sistema de cebos Sentritech como soluci\u00f3n eficaz en el tratamiento de la termita y la carcoma | T 93 456 14 53\" \/>\n<meta name=\"robots\" content=\"index, follow, max-snippet:-1, max-image-preview:large, max-video-preview:-1\" \/>\n<link rel=\"canonical\" href=\"https:\/\/antitermitas.com\/ca\/tractaments-contra-les-termites\/faq-sistema-dinjeccions\/\" \/>\n<meta property=\"og:locale\" content=\"ca_ES\" \/>\n<meta property=\"og:type\" content=\"article\" \/>\n<meta property=\"og:title\" content=\"Sistema de inyecci\u00f3n para tratar la termita y la carcoma\" \/>\n<meta property=\"og:description\" content=\"Preguntas frecuentes sobre el sistema de cebos Sentritech como soluci\u00f3n eficaz en el tratamiento de la termita y la carcoma | T 93 456 14 53\" \/>\n<meta property=\"og:url\" content=\"https:\/\/antitermitas.com\/ca\/tractaments-contra-les-termites\/faq-sistema-dinjeccions\/\" \/>\n<meta property=\"og:site_name\" content=\"Antitermitas - Tratamientos contra termita y carcoma\" \/>\n<meta property=\"article:publisher\" content=\"https:\/\/www.facebook.com\/Humicontrol-Especialista-en-tratamiento-de-humedades-225016780862310\/\" \/>\n<meta property=\"article:modified_time\" content=\"2020-06-25T16:37:14+00:00\" \/>\n<meta name=\"twitter:card\" content=\"summary_large_image\" \/>\n<meta name=\"twitter:creator\" content=\"@humicontrol\" \/>\n<meta name=\"twitter:site\" content=\"@humicontrol\" \/>\n<meta name=\"twitter:label1\" value=\"Escrit per\">\n\t<meta name=\"twitter:data1\" value=\"Rehabilit\">\n\t<meta name=\"twitter:label2\" value=\"Temps estimat de lectura\">\n\t<meta name=\"twitter:data2\" value=\"2 minuts\">\n<script type=\"application\/ld+json\" class=\"yoast-schema-graph\">{\"@context\":\"https:\/\/schema.org\",\"@graph\":[{\"@type\":\"Organization\",\"@id\":\"http:\/\/antitermitas.com\/#organization\",\"name\":\"Rehabilit\",\"url\":\"http:\/\/antitermitas.com\/\",\"sameAs\":[\"https:\/\/www.facebook.com\/Humicontrol-Especialista-en-tratamiento-de-humedades-225016780862310\/\",\"https:\/\/www.linkedin.com\/company\/11120789\/\",\"https:\/\/twitter.com\/humicontrol\"],\"logo\":{\"@type\":\"ImageObject\",\"@id\":\"http:\/\/antitermitas.com\/#logo\",\"inLanguage\":\"ca\",\"url\":\"https:\/\/antitermitas.com\/wp-content\/uploads\/2017\/07\/logo-rehabilit-es.jpg\",\"width\":185,\"height\":58,\"caption\":\"Rehabilit\"},\"image\":{\"@id\":\"http:\/\/antitermitas.com\/#logo\"}},{\"@type\":\"WebSite\",\"@id\":\"http:\/\/antitermitas.com\/#website\",\"url\":\"http:\/\/antitermitas.com\/\",\"name\":\"Antitermitas - Tratamientos contra termita y carcoma\",\"description\":\"Especialistas en tratamientos contra la termita y la carcoma en Barcelona.\",\"publisher\":{\"@id\":\"http:\/\/antitermitas.com\/#organization\"},\"potentialAction\":[{\"@type\":\"SearchAction\",\"target\":\"http:\/\/antitermitas.com\/?s={search_term_string}\",\"query-input\":\"required name=search_term_string\"}],\"inLanguage\":\"ca\"},{\"@type\":\"WebPage\",\"@id\":\"https:\/\/antitermitas.com\/ca\/tractaments-contra-les-termites\/faq-sistema-dinjeccions\/#webpage\",\"url\":\"https:\/\/antitermitas.com\/ca\/tractaments-contra-les-termites\/faq-sistema-dinjeccions\/\",\"name\":\"Sistema de inyecci\\u00f3n para tratar la termita y la carcoma\",\"isPartOf\":{\"@id\":\"http:\/\/antitermitas.com\/#website\"},\"datePublished\":\"2017-11-03T17:01:57+00:00\",\"dateModified\":\"2020-06-25T16:37:14+00:00\",\"description\":\"Preguntas frecuentes sobre el sistema de cebos Sentritech como soluci\\u00f3n eficaz en el tratamiento de la termita y la carcoma | T 93 456 14 53\",\"inLanguage\":\"ca\",\"potentialAction\":[{\"@type\":\"ReadAction\",\"target\":[\"https:\/\/antitermitas.com\/ca\/tractaments-contra-les-termites\/faq-sistema-dinjeccions\/\"]}]}]}<\/script>\n<!-- \/ Yoast SEO plugin. -->","_links":{"self":[{"href":"https:\/\/antitermitas.com\/ca\/wp-json\/wp\/v2\/pages\/424"}],"collection":[{"href":"https:\/\/antitermitas.com\/ca\/wp-json\/wp\/v2\/pages"}],"about":[{"href":"https:\/\/antitermitas.com\/ca\/wp-json\/wp\/v2\/types\/page"}],"author":[{"embeddable":true,"href":"https:\/\/antitermitas.com\/ca\/wp-json\/wp\/v2\/users\/4"}],"replies":[{"embeddable":true,"href":"https:\/\/antitermitas.com\/ca\/wp-json\/wp\/v2\/comments?post=424"}],"version-history":[{"count":0,"href":"https:\/\/antitermitas.com\/ca\/wp-json\/wp\/v2\/pages\/424\/revisions"}],"up":[{"embeddable":true,"href":"https:\/\/antitermitas.com\/ca\/wp-json\/wp\/v2\/pages\/398"}],"wp:attachment":[{"href":"https:\/\/antitermitas.com\/ca\/wp-json\/wp\/v2\/media?parent=424"}],"curies":[{"name":"wp","href":"https:\/\/api.w.org\/{rel}","templated":true}]}}