{"id":490,"date":"2017-10-10T09:27:49","date_gmt":"2017-10-10T15:27:49","guid":{"rendered":"https:\/\/antitermitas.com\/contacto\/"},"modified":"2020-06-29T16:01:39","modified_gmt":"2020-06-29T14:01:39","slug":"contacte","status":"publish","type":"page","link":"https:\/\/antitermitas.com\/ca\/contacte\/","title":{"rendered":"Contacte"},"content":{"rendered":"<section class=\"l-section wpb_row height_medium width_full\" id=\"slider-md\"><div class=\"l-section-h i-cf\"><div class=\"g-cols vc_row type_default valign_top\"><div class=\"vc_col-sm-12 wpb_column vc_column_container\"><div class=\"vc_column-inner\"><div class=\"wpb_wrapper\"><div class=\"w-slider style_none\"><div class=\"w-slider-h\"><div class=\"royalSlider\"><div class=\"rsContent\"><a class=\"rsImg\" data-rsw=\"1600\" data-rsh=\"470\" href=\"https:\/\/antitermitas.com\/wp-content\/uploads\/2017\/10\/contacto-header_1.jpg\"><\/a><\/div><div class=\"rsContent\"><a class=\"rsImg\" data-rsw=\"1600\" data-rsh=\"470\" href=\"https:\/\/antitermitas.com\/wp-content\/uploads\/2017\/10\/contacto-header-1.jpg\"><\/a><\/div><\/div><img src=\"https:\/\/antitermitas.com\/wp-content\/uploads\/2017\/10\/contacto-header_1.jpg\" alt=\"\"><\/div><div class=\"w-slider-json\" onclick='return {&quot;transitionSpeed&quot;:300,&quot;loopRewind&quot;:true,&quot;slidesSpacing&quot;:0,&quot;imageScalePadding&quot;:0,&quot;numImagesToPreload&quot;:2,&quot;arrowsNav&quot;:false,&quot;arrowsNavAutoHide&quot;:false,&quot;transitionType&quot;:&quot;move&quot;,&quot;block&quot;:{&quot;moveEffect&quot;:&quot;none&quot;,&quot;speed&quot;:300},&quot;controlNavigation&quot;:&quot;bullets&quot;,&quot;autoplay&quot;:{&quot;enabled&quot;:true,&quot;pauseOnHover&quot;:true,&quot;delay&quot;:4000},&quot;imageScaleMode&quot;:&quot;fit-if-smaller&quot;,&quot;autoScaleSlider&quot;:true,&quot;autoScaleSliderWidth&quot;:1600,&quot;autoScaleSliderHeight&quot;:470,&quot;fitInViewport&quot;:false}'><\/div><\/div>\n\t<div class=\"wpb_text_column  ttl one\">\n\t\t<div class=\"wpb_wrapper\">\n\t\t\t<h1 style=\"text-align: center;\">Contacti\u2019ns<\/h1>\n\n\t\t<\/div>\n\t<\/div>\n<\/div><\/div><\/div><\/div><\/div><\/section><section class=\"l-section wpb_row height_medium\" id=\"post-header\"><div class=\"l-section-h i-cf\"><div class=\"g-cols vc_row type_default valign_top\"><div class=\"vc_col-sm-12 wpb_column vc_column_container\"><div class=\"vc_column-inner\"><div class=\"wpb_wrapper\">\n\t<div class=\"wpb_text_column \">\n\t\t<div class=\"wpb_wrapper\">\n\t\t\t<p style=\"text-align: center;\">Truqui\u2019ns ara. Demani diagn\u00f2stic i pressupost sense comprom\u00eds per part dels nostres t\u00e8cnics especialistes en tractaments contra termita i corc.<\/p>\n\n\t\t<\/div>\n\t<\/div>\n<\/div><\/div><\/div><\/div><\/div><\/section><section class=\"l-section wpb_row height_medium\" id=\"cntc-md\"><div class=\"l-section-h i-cf\"><div class=\"g-cols vc_row type_default valign_top\"><div class=\"vc_col-sm-3 wpb_column vc_column_container\"><div class=\"vc_column-inner\"><div class=\"wpb_wrapper\"><div class=\"w-image\"><div class=\"w-image-h\"><img width=\"276\" height=\"59\" src=\"https:\/\/antitermitas.com\/wp-content\/uploads\/2017\/10\/rehabilit-contact.png\" class=\"attachment-full size-full\" alt=\"\" loading=\"lazy\" \/><\/div><\/div>\n\t<div class=\"wpb_text_column  contact front\">\n\t\t<div class=\"wpb_wrapper\">\n\t\t\t<p style=\"text-align: center;\"><strong>DIAGN\u00d2STIC GRATU\u00cfT<\/strong><br \/>\nI PRESSUPOST SENSE COMPROM\u00cdS.<\/p>\n\n\t\t<\/div>\n\t<\/div>\n<div class=\"w-image\"><div class=\"w-image-h\"><img width=\"291\" height=\"180\" src=\"https:\/\/antitermitas.com\/wp-content\/uploads\/2017\/10\/contacto-left.jpg\" class=\"attachment-full size-full\" alt=\"\" loading=\"lazy\" \/><\/div><\/div><\/div><\/div><\/div><div class=\"vc_col-sm-9 wpb_column vc_column_container\"><div class=\"vc_column-inner\"><div class=\"wpb_wrapper\"><div role=\"form\" class=\"wpcf7\" id=\"wpcf7-f498-o1\" lang=\"es-MX\" dir=\"ltr\">\n<div class=\"screen-reader-response\"><p role=\"status\" aria-live=\"polite\" aria-atomic=\"true\"><\/p> <ul><\/ul><\/div>\n<form action=\"\/ca\/wp-json\/wp\/v2\/pages\/490?doing_wp_cron=1778676957.9923570156097412109375#wpcf7-f498-o1\" method=\"post\" class=\"wpcf7-form init\" novalidate=\"novalidate\" data-status=\"init\">\n<div style=\"display: none;\">\n<input type=\"hidden\" name=\"_wpcf7\" value=\"498\" \/>\n<input type=\"hidden\" name=\"_wpcf7_version\" value=\"5.4.2\" \/>\n<input type=\"hidden\" name=\"_wpcf7_locale\" value=\"es_MX\" \/>\n<input type=\"hidden\" name=\"_wpcf7_unit_tag\" value=\"wpcf7-f498-o1\" \/>\n<input type=\"hidden\" name=\"_wpcf7_container_post\" value=\"0\" \/>\n<input type=\"hidden\" name=\"_wpcf7_posted_data_hash\" value=\"\" \/>\n<input type=\"hidden\" name=\"_wpcf7_recaptcha_response\" value=\"\" \/>\n<\/div>\n<div class=\"half\">\n<p> <b>NOM<\/b> <br\/> <span class=\"wpcf7-form-control-wrap your-name\"><input type=\"text\" name=\"your-name\" value=\"\" size=\"40\" class=\"wpcf7-form-control wpcf7-text wpcf7-validates-as-required\" aria-required=\"true\" aria-invalid=\"false\" \/><\/span> <\/p>\n<p class=\"last\"> <b>TEL\u00c8FON<\/b> <br\/> <span class=\"wpcf7-form-control-wrap your-phone\"><input type=\"tel\" name=\"your-phone\" value=\"\" size=\"40\" class=\"wpcf7-form-control wpcf7-text wpcf7-tel wpcf7-validates-as-tel\" aria-invalid=\"false\" \/><\/span> <\/p>\n<p> <b>EMAIL<\/b> <br\/> <span class=\"wpcf7-form-control-wrap your-email\"><input type=\"email\" name=\"your-email\" value=\"\" size=\"40\" class=\"wpcf7-form-control wpcf7-text wpcf7-email wpcf7-validates-as-required wpcf7-validates-as-email\" aria-required=\"true\" aria-invalid=\"false\" \/><\/span> <\/p>\n<p class=\"last\"> <b>PERFIL<\/b> <br\/> <span class=\"wpcf7-form-control-wrap area-perfil\"><select name=\"area-perfil\" class=\"wpcf7-form-control wpcf7-select wpcf7-validates-as-required\" aria-required=\"true\" aria-invalid=\"false\"><option value=\"\u00c1dministrador\">\u00c1dministrador<\/option><option value=\"Arquitecte\">Arquitecte<\/option><option value=\"Arquitecte t\u00e8cnic\">Arquitecte t\u00e8cnic<\/option><option value=\"Constructor\">Constructor<\/option><option value=\"Particular\">Particular<\/option><option value=\"Altres\">Altres<\/option><\/select><\/span> <\/p>\n<p> <b>ADRE\u00c7A<\/b> <br\/> <span class=\"wpcf7-form-control-wrap your-direction\"><input type=\"text\" name=\"your-direction\" value=\"\" size=\"40\" class=\"wpcf7-form-control wpcf7-text wpcf7-validates-as-required\" aria-required=\"true\" aria-invalid=\"false\" \/><\/span> <\/p>\n<p class=\"last\"> <b>POBLACI\u00d3<\/b> <br\/> <span class=\"wpcf7-form-control-wrap your-poblacion\"><input type=\"text\" name=\"your-poblacion\" value=\"\" size=\"40\" class=\"wpcf7-form-control wpcf7-text wpcf7-validates-as-required\" aria-required=\"true\" aria-invalid=\"false\" \/><\/span> <\/p>\n<p class=\"last\"> <b>PROV\u00cdNCIA<\/b> <br\/> <span class=\"wpcf7-form-control-wrap provincia\"><select name=\"provincia\" class=\"wpcf7-form-control wpcf7-select wpcf7-validates-as-required\" aria-required=\"true\" aria-invalid=\"false\"><option value=\"Barcelona\">Barcelona<\/option><option value=\"Girona\">Girona<\/option><option value=\"Lleida\">Lleida<\/option><option value=\"Tarragona\">Tarragona<\/option><\/select><\/span> <\/p>\n<\/div>\n<p> <b>COMENTARIS<\/b> <br\/> <span class=\"wpcf7-form-control-wrap your-message\"><textarea name=\"your-message\" cols=\"40\" rows=\"10\" class=\"wpcf7-form-control wpcf7-textarea\" aria-invalid=\"false\"><\/textarea><\/span> <\/p>\n<p style=\"text-align:left\" class=\"spc-lft\"><span class=\"wpcf7-form-control-wrap acceptance-919\"><span class=\"wpcf7-form-control wpcf7-acceptance\"><span class=\"wpcf7-list-item\"><input type=\"checkbox\" name=\"acceptance-919\" value=\"1\" aria-invalid=\"false\" \/><\/span><\/span><\/span> He llegit i accepto <a href=\"\/aviso-legal\/\" target=\"_blank\">les condicions legals<\/a><\/p>\n<p style=\"text-align:left;\" class=\"spc-lft\"> <span class=\"wpcf7-form-control-wrap acceptance-604\"><span class=\"wpcf7-form-control wpcf7-acceptance optional\"><span class=\"wpcf7-list-item\"><input type=\"checkbox\" name=\"acceptance-604\" value=\"1\" aria-invalid=\"false\" \/><\/span><\/span><\/span> Accepto rebre informaci\u00f3 REHABILIT, S.L. i delegacions per atendre la meva petici\u00f3<\/a><\/p>\n<p class=\"send\"><input type=\"submit\" value=\"Enviar Mensaje\" class=\"wpcf7-form-control wpcf7-submit\" \/><\/p>\n<p class=\"txt-end\" style=\"margin-top:50px;\">En nom de l'empresa REHABILIT, S.L., li informem que tractem les dades que ens faciliti amb la finalitat de facilitar-li la informaci\u00f3 sol\u00b7licitada sobre els nostres productes i tractaments. Les dades proporcionades es conservaran mentre mantingui la relaci\u00f3 comercial o durant els anys necessaris per a complir amb les obligacions legals. Vost\u00e8 t\u00e9 dret a obtenir informaci\u00f3 sobre si a REHABILIT, S.L. tractem les seves dades personals i, per tant, t\u00e9 dret a acc\u00e9s, rectificaci\u00f3 en cas d'inexactituds o cancel\u00b7laci\u00f3 quan ja no siguin necess\u00e0ries per al manteniment de la relaci\u00f3 comercial.<\/p>\n<p style=\"margin:0; padding:0; line-height: 0; Height:0;\"><span id=\"wpcf7-6a0474df79947-wrapper\" class=\"wpcf7-form-control-wrap honeypot-781-wrap\" style=\"display:none !important; visibility:hidden !important;\"><label for=\"hddn-form\" class=\"hp-message\">Deixeu aquest camp buit.<\/label><input id=\"hddn-form\"  class=\"wpcf7-form-control wpcf7-text\" type=\"text\" name=\"honeypot-781\" value=\"\" size=\"40\" tabindex=\"-1\" autocomplete=\"new-password\" \/><\/span><\/p>\n<div class=\"wpcf7-response-output\" aria-hidden=\"true\"><\/div><\/form><\/div><\/div><\/div><\/div><\/div><\/div><\/section><section class=\"l-section wpb_row height_medium width_full\" id=\"map-md\"><div class=\"l-section-h i-cf\"><div class=\"g-cols vc_row type_default valign_top\"><div class=\"vc_col-sm-12 wpb_column vc_column_container\"><div class=\"vc_column-inner\"><div class=\"wpb_wrapper\"><div class=\"w-map\" id=\"us_map_1\" style=\"height: 400px\"><div class=\"w-map-h\"><\/div><div class=\"w-map-json\" onclick='return {&quot;address&quot;:&quot;Calle Padilla, 240, 08013 Barcelona&quot;,&quot;markers&quot;:[{&quot;address&quot;:&quot;Calle Padilla, 240, 08013 Barcelona&quot;,&quot;html&quot;:&quot;&lt;h6&gt;Antitermitas&lt;\\\/h6&gt;&lt;p&gt;Carrer Padilla, 240, &lt;\\\/br&gt;08013 Barcelona&lt;\\\/p&gt;&quot;,&quot;infowindow&quot;:&quot;1&quot;}],&quot;zoom&quot;:14,&quot;maptype&quot;:&quot;ROADMAP&quot;,&quot;height&quot;:&quot;400&quot;}'><\/div><\/div><\/div><\/div><\/div><\/div><\/div><\/section>\n<!-- AddThis Advanced Settings generic via filter on the_content --><!-- AddThis Share Buttons generic via filter on the_content -->","protected":false},"excerpt":{"rendered":"<p><!-- AddThis Advanced Settings generic via filter on get_the_excerpt --><!-- AddThis Share Buttons generic via filter on get_the_excerpt --><\/p>\n","protected":false},"author":4,"featured_media":0,"parent":0,"menu_order":0,"comment_status":"closed","ping_status":"closed","template":"","meta":[],"yoast_head":"<!-- This site is optimized with the Yoast SEO plugin v15.2 - https:\/\/yoast.com\/wordpress\/plugins\/seo\/ -->\n<meta name=\"description\" content=\"Especialistas en tratamientos contra termita y carcoma | Ll\u00e1manos y pide diagn\u00f3stico y presupuesto sin compromiso | T 93 456 14 53\" \/>\n<meta name=\"robots\" content=\"index, follow, max-snippet:-1, max-image-preview:large, max-video-preview:-1\" \/>\n<link rel=\"canonical\" href=\"https:\/\/antitermitas.com\/ca\/contacte\/\" \/>\n<meta property=\"og:locale\" content=\"ca_ES\" \/>\n<meta property=\"og:type\" content=\"article\" \/>\n<meta property=\"og:title\" content=\"Contacte | Antitermitas - Tratamientos contra termita y carcoma\" \/>\n<meta property=\"og:description\" content=\"Especialistas en tratamientos contra termita y carcoma | Ll\u00e1manos y pide diagn\u00f3stico y presupuesto sin compromiso | T 93 456 14 53\" \/>\n<meta property=\"og:url\" content=\"https:\/\/antitermitas.com\/ca\/contacte\/\" \/>\n<meta property=\"og:site_name\" content=\"Antitermitas - Tratamientos contra termita y carcoma\" \/>\n<meta property=\"article:publisher\" content=\"https:\/\/www.facebook.com\/Humicontrol-Especialista-en-tratamiento-de-humedades-225016780862310\/\" \/>\n<meta property=\"article:modified_time\" content=\"2020-06-29T14:01:39+00:00\" \/>\n<meta name=\"twitter:card\" content=\"summary_large_image\" \/>\n<meta name=\"twitter:creator\" content=\"@humicontrol\" \/>\n<meta name=\"twitter:site\" content=\"@humicontrol\" \/>\n<meta name=\"twitter:label1\" value=\"Escrit per\">\n\t<meta name=\"twitter:data1\" value=\"Rehabilit\">\n\t<meta name=\"twitter:label2\" value=\"Temps estimat de lectura\">\n\t<meta name=\"twitter:data2\" value=\"1 minut\">\n<script type=\"application\/ld+json\" class=\"yoast-schema-graph\">{\"@context\":\"https:\/\/schema.org\",\"@graph\":[{\"@type\":\"Organization\",\"@id\":\"http:\/\/antitermitas.com\/#organization\",\"name\":\"Rehabilit\",\"url\":\"http:\/\/antitermitas.com\/\",\"sameAs\":[\"https:\/\/www.facebook.com\/Humicontrol-Especialista-en-tratamiento-de-humedades-225016780862310\/\",\"https:\/\/www.linkedin.com\/company\/11120789\/\",\"https:\/\/twitter.com\/humicontrol\"],\"logo\":{\"@type\":\"ImageObject\",\"@id\":\"http:\/\/antitermitas.com\/#logo\",\"inLanguage\":\"ca\",\"url\":\"https:\/\/antitermitas.com\/wp-content\/uploads\/2017\/07\/logo-rehabilit-es.jpg\",\"width\":185,\"height\":58,\"caption\":\"Rehabilit\"},\"image\":{\"@id\":\"http:\/\/antitermitas.com\/#logo\"}},{\"@type\":\"WebSite\",\"@id\":\"http:\/\/antitermitas.com\/#website\",\"url\":\"http:\/\/antitermitas.com\/\",\"name\":\"Antitermitas - Tratamientos contra termita y carcoma\",\"description\":\"Especialistas en tratamientos contra la termita y la carcoma en Barcelona.\",\"publisher\":{\"@id\":\"http:\/\/antitermitas.com\/#organization\"},\"potentialAction\":[{\"@type\":\"SearchAction\",\"target\":\"http:\/\/antitermitas.com\/?s={search_term_string}\",\"query-input\":\"required name=search_term_string\"}],\"inLanguage\":\"ca\"},{\"@type\":\"WebPage\",\"@id\":\"https:\/\/antitermitas.com\/ca\/contacte\/#webpage\",\"url\":\"https:\/\/antitermitas.com\/ca\/contacte\/\",\"name\":\"Contacte | Antitermitas - Tratamientos contra termita y carcoma\",\"isPartOf\":{\"@id\":\"http:\/\/antitermitas.com\/#website\"},\"datePublished\":\"2017-10-10T15:27:49+00:00\",\"dateModified\":\"2020-06-29T14:01:39+00:00\",\"description\":\"Especialistas en tratamientos contra termita y carcoma | Ll\\u00e1manos y pide diagn\\u00f3stico y presupuesto sin compromiso | T 93 456 14 53\",\"inLanguage\":\"ca\",\"potentialAction\":[{\"@type\":\"ReadAction\",\"target\":[\"https:\/\/antitermitas.com\/ca\/contacte\/\"]}]}]}<\/script>\n<!-- \/ Yoast SEO plugin. -->","_links":{"self":[{"href":"https:\/\/antitermitas.com\/ca\/wp-json\/wp\/v2\/pages\/490"}],"collection":[{"href":"https:\/\/antitermitas.com\/ca\/wp-json\/wp\/v2\/pages"}],"about":[{"href":"https:\/\/antitermitas.com\/ca\/wp-json\/wp\/v2\/types\/page"}],"author":[{"embeddable":true,"href":"https:\/\/antitermitas.com\/ca\/wp-json\/wp\/v2\/users\/4"}],"replies":[{"embeddable":true,"href":"https:\/\/antitermitas.com\/ca\/wp-json\/wp\/v2\/comments?post=490"}],"version-history":[{"count":0,"href":"https:\/\/antitermitas.com\/ca\/wp-json\/wp\/v2\/pages\/490\/revisions"}],"wp:attachment":[{"href":"https:\/\/antitermitas.com\/ca\/wp-json\/wp\/v2\/media?parent=490"}],"curies":[{"name":"wp","href":"https:\/\/api.w.org\/{rel}","templated":true}]}}